{"id":7864,"date":"2024-01-11T19:05:04","date_gmt":"2024-01-11T18:05:04","guid":{"rendered":"https:\/\/provencelovers.fr\/morgane-mazelier\/"},"modified":"2024-02-18T10:56:44","modified_gmt":"2024-02-18T09:56:44","slug":"morgane-mazelier","status":"publish","type":"page","link":"https:\/\/provencelovers.fr\/es\/morgane-mazelier\/","title":{"rendered":"Sobre Morgane MAZELIER"},"content":{"rendered":"\n<p>Conozca a Morgane, empleada de Region Lovers, una empresa feliz que lleva m\u00e1s de 10 a\u00f1os recorriendo el mundo para ofrecerle informaci\u00f3n certificada, \u00fatil y de calidad. Queremos ayudarle a tomar las decisiones que necesita para construir un viaje a su medida.<\/p>\n\n<p>El equipo ha crecido a lo largo de los a\u00f1os, pero Morgane, como todos los autores de Region Lovers, se adhiere a un marco y a unos valores para cumplir nuestro contrato de confianza con nuestros lectores. Afortunadamente, sin embargo, cada art\u00edculo es siempre un reflejo de su autor y de sus pasiones.<\/p>\n<div class=\"wp-block-image\">\n<figure class=\"aligncenter size-large\"><img decoding=\"async\" src=\"https:\/\/photos.smugmug.com\/Region-Lovers\/Equipe\/i-kx84ZJX\/0\/490fe68e\/L\/morgane-L.jpg\" alt=\"\"\/><\/figure>\n<\/div>\n<h2 class=\"wp-block-heading\">Su carrera<\/h2>\n\n<ul class=\"wp-block-list\">\n<li>Un m\u00e1ster en marketing y comunicaci\u00f3n, especializado en medios digitales<\/li>\n\n\n\n<li>Una experiencia profesional enriquecedora desde 2015: instituciones, moda, cultura, tecnolog\u00eda, emprendimiento&#8230;<\/li>\n\n\n\n<li>Descubra las mejores direcciones de su ciudad como gu\u00eda tur\u00edstico gastron\u00f3mico<\/li>\n<\/ul>\n\n<p class=\"has-text-align-left\">Descubra su <a href=\"https:\/\/www.linkedin.com\/in\/morgane-mazelier-communication\/\" target=\"_blank\" rel=\"noreferrer noopener\">perfil en Linkedin<\/a><\/p>\n\n<h2 class=\"wp-block-heading\">Lo que m\u00e1s le gusta escribir<\/h2>\n\n<ul class=\"wp-block-list\">\n<li>Art\u00edculos dedicados a los viajes por carretera para animar a nuestros lectores a partir en solitario con sus mochilas, con total confianza.<\/li>\n\n\n\n<li>Art\u00edculos sobre destinos ex\u00f3ticos para lectores en busca de aventuras<\/li>\n\n\n\n<li>Art\u00edculos sobre museos en los que la interacci\u00f3n y el entretenimiento est\u00e1n a la orden del d\u00eda.<\/li>\n\n\n\n<li>Rutas por la naturaleza, porque le encanta el senderismo y la vida al aire libre<\/li>\n<\/ul>\n","protected":false},"excerpt":{"rendered":"<p>Conozca a Morgane, empleada de Region Lovers, una empresa feliz que lleva m\u00e1s de 10 a\u00f1os recorriendo el mundo para ofrecerle informaci\u00f3n certificada, \u00fatil y de calidad. Queremos ayudarle a tomar las decisiones que necesita para construir un viaje a su medida. El equipo ha crecido a lo largo de los a\u00f1os, pero Morgane, como [&hellip;]<\/p>\n","protected":false},"author":2,"featured_media":0,"parent":0,"menu_order":0,"comment_status":"closed","ping_status":"closed","template":"","meta":{"_genesis_hide_title":false,"_genesis_hide_breadcrumbs":false,"_genesis_hide_singular_image":false,"_genesis_hide_footer_widgets":false,"_genesis_custom_body_class":"","_genesis_custom_post_class":"","_genesis_layout":"","footnotes":""},"class_list":{"0":"post-7864","1":"page","2":"type-page","3":"status-publish","5":"entry"},"yoast_head":"<!-- This site is optimized with the Yoast SEO plugin v27.2 - https:\/\/yoast.com\/product\/yoast-seo-wordpress\/ -->\n<title>Sobre Morgane MAZELIER - Provence Lovers<\/title>\n<meta name=\"robots\" content=\"index, follow, max-snippet:-1, max-image-preview:large, max-video-preview:-1\" \/>\n<link rel=\"canonical\" href=\"https:\/\/provencelovers.fr\/es\/morgane-mazelier\/\" \/>\n<meta property=\"og:locale\" content=\"es_ES\" \/>\n<meta property=\"og:type\" content=\"article\" \/>\n<meta property=\"og:title\" content=\"Sobre Morgane MAZELIER - Provence Lovers\" \/>\n<meta property=\"og:description\" content=\"Conozca a Morgane, empleada de Region Lovers, una empresa feliz que lleva m\u00e1s de 10 a\u00f1os recorriendo el mundo para ofrecerle informaci\u00f3n certificada, \u00fatil y de calidad. Queremos ayudarle a tomar las decisiones que necesita para construir un viaje a su medida. El equipo ha crecido a lo largo de los a\u00f1os, pero Morgane, como [&hellip;]\" \/>\n<meta property=\"og:url\" content=\"https:\/\/provencelovers.fr\/es\/morgane-mazelier\/\" \/>\n<meta property=\"og:site_name\" content=\"Provence Lovers\" \/>\n<meta property=\"article:modified_time\" content=\"2024-02-18T09:56:44+00:00\" \/>\n<meta property=\"og:image\" content=\"https:\/\/photos.smugmug.com\/Region-Lovers\/Equipe\/i-kx84ZJX\/0\/490fe68e\/L\/morgane-L.jpg\" \/>\n<meta name=\"twitter:card\" content=\"summary_large_image\" \/>\n<meta name=\"twitter:label1\" content=\"Tiempo de lectura\" \/>\n\t<meta name=\"twitter:data1\" content=\"1 minuto\" \/>\n<script type=\"application\/ld+json\" class=\"yoast-schema-graph\">{\"@context\":\"https:\/\/schema.org\",\"@graph\":[{\"@type\":\"WebPage\",\"@id\":\"https:\/\/provencelovers.fr\/es\/morgane-mazelier\/\",\"url\":\"https:\/\/provencelovers.fr\/es\/morgane-mazelier\/\",\"name\":\"Sobre Morgane MAZELIER - Provence Lovers\",\"isPartOf\":{\"@id\":\"https:\/\/provencelovers.fr\/es\/#website\"},\"primaryImageOfPage\":{\"@id\":\"https:\/\/provencelovers.fr\/es\/morgane-mazelier\/#primaryimage\"},\"image\":{\"@id\":\"https:\/\/provencelovers.fr\/es\/morgane-mazelier\/#primaryimage\"},\"thumbnailUrl\":\"https:\/\/photos.smugmug.com\/Region-Lovers\/Equipe\/i-kx84ZJX\/0\/490fe68e\/L\/morgane-L.jpg\",\"datePublished\":\"2024-01-11T18:05:04+00:00\",\"dateModified\":\"2024-02-18T09:56:44+00:00\",\"breadcrumb\":{\"@id\":\"https:\/\/provencelovers.fr\/es\/morgane-mazelier\/#breadcrumb\"},\"inLanguage\":\"es\",\"potentialAction\":[{\"@type\":\"ReadAction\",\"target\":[\"https:\/\/provencelovers.fr\/es\/morgane-mazelier\/\"]}]},{\"@type\":\"ImageObject\",\"inLanguage\":\"es\",\"@id\":\"https:\/\/provencelovers.fr\/es\/morgane-mazelier\/#primaryimage\",\"url\":\"https:\/\/photos.smugmug.com\/Region-Lovers\/Equipe\/i-kx84ZJX\/0\/490fe68e\/L\/morgane-L.jpg\",\"contentUrl\":\"https:\/\/photos.smugmug.com\/Region-Lovers\/Equipe\/i-kx84ZJX\/0\/490fe68e\/L\/morgane-L.jpg\"},{\"@type\":\"BreadcrumbList\",\"@id\":\"https:\/\/provencelovers.fr\/es\/morgane-mazelier\/#breadcrumb\",\"itemListElement\":[{\"@type\":\"ListItem\",\"position\":1,\"name\":\"Home\",\"item\":\"https:\/\/provencelovers.fr\/es\/\"},{\"@type\":\"ListItem\",\"position\":2,\"name\":\"Sobre Morgane MAZELIER\"}]},{\"@type\":\"WebSite\",\"@id\":\"https:\/\/provencelovers.fr\/es\/#website\",\"url\":\"https:\/\/provencelovers.fr\/es\/\",\"name\":\"Provence Lovers\",\"description\":\"Despertar los sentidos en Provenza - Le blog de Claire et Manu\",\"publisher\":{\"@id\":\"https:\/\/provencelovers.fr\/es\/#organization\"},\"potentialAction\":[{\"@type\":\"SearchAction\",\"target\":{\"@type\":\"EntryPoint\",\"urlTemplate\":\"https:\/\/provencelovers.fr\/es\/?s={search_term_string}\"},\"query-input\":{\"@type\":\"PropertyValueSpecification\",\"valueRequired\":true,\"valueName\":\"search_term_string\"}}],\"inLanguage\":\"es\"},{\"@type\":\"Organization\",\"@id\":\"https:\/\/provencelovers.fr\/es\/#organization\",\"name\":\"Provence Lovers\",\"url\":\"https:\/\/provencelovers.fr\/es\/\",\"logo\":{\"@type\":\"ImageObject\",\"inLanguage\":\"es\",\"@id\":\"https:\/\/provencelovers.fr\/es\/#\/schema\/logo\/image\/\",\"url\":\"https:\/\/provencelovers.fr\/wp-content\/uploads\/2022\/11\/Blog-Provence-Lovers-Logos.png\",\"contentUrl\":\"https:\/\/provencelovers.fr\/wp-content\/uploads\/2022\/11\/Blog-Provence-Lovers-Logos.png\",\"width\":2707,\"height\":863,\"caption\":\"Provence Lovers\"},\"image\":{\"@id\":\"https:\/\/provencelovers.fr\/es\/#\/schema\/logo\/image\/\"}}]}<\/script>\n<!-- \/ Yoast SEO plugin. -->","yoast_head_json":{"title":"Sobre Morgane MAZELIER - Provence Lovers","robots":{"index":"index","follow":"follow","max-snippet":"max-snippet:-1","max-image-preview":"max-image-preview:large","max-video-preview":"max-video-preview:-1"},"canonical":"https:\/\/provencelovers.fr\/es\/morgane-mazelier\/","og_locale":"es_ES","og_type":"article","og_title":"Sobre Morgane MAZELIER - Provence Lovers","og_description":"Conozca a Morgane, empleada de Region Lovers, una empresa feliz que lleva m\u00e1s de 10 a\u00f1os recorriendo el mundo para ofrecerle informaci\u00f3n certificada, \u00fatil y de calidad. Queremos ayudarle a tomar las decisiones que necesita para construir un viaje a su medida. El equipo ha crecido a lo largo de los a\u00f1os, pero Morgane, como [&hellip;]","og_url":"https:\/\/provencelovers.fr\/es\/morgane-mazelier\/","og_site_name":"Provence Lovers","article_modified_time":"2024-02-18T09:56:44+00:00","og_image":[{"url":"https:\/\/photos.smugmug.com\/Region-Lovers\/Equipe\/i-kx84ZJX\/0\/490fe68e\/L\/morgane-L.jpg","type":"","width":"","height":""}],"twitter_card":"summary_large_image","twitter_misc":{"Tiempo de lectura":"1 minuto"},"schema":{"@context":"https:\/\/schema.org","@graph":[{"@type":"WebPage","@id":"https:\/\/provencelovers.fr\/es\/morgane-mazelier\/","url":"https:\/\/provencelovers.fr\/es\/morgane-mazelier\/","name":"Sobre Morgane MAZELIER - Provence Lovers","isPartOf":{"@id":"https:\/\/provencelovers.fr\/es\/#website"},"primaryImageOfPage":{"@id":"https:\/\/provencelovers.fr\/es\/morgane-mazelier\/#primaryimage"},"image":{"@id":"https:\/\/provencelovers.fr\/es\/morgane-mazelier\/#primaryimage"},"thumbnailUrl":"https:\/\/photos.smugmug.com\/Region-Lovers\/Equipe\/i-kx84ZJX\/0\/490fe68e\/L\/morgane-L.jpg","datePublished":"2024-01-11T18:05:04+00:00","dateModified":"2024-02-18T09:56:44+00:00","breadcrumb":{"@id":"https:\/\/provencelovers.fr\/es\/morgane-mazelier\/#breadcrumb"},"inLanguage":"es","potentialAction":[{"@type":"ReadAction","target":["https:\/\/provencelovers.fr\/es\/morgane-mazelier\/"]}]},{"@type":"ImageObject","inLanguage":"es","@id":"https:\/\/provencelovers.fr\/es\/morgane-mazelier\/#primaryimage","url":"https:\/\/photos.smugmug.com\/Region-Lovers\/Equipe\/i-kx84ZJX\/0\/490fe68e\/L\/morgane-L.jpg","contentUrl":"https:\/\/photos.smugmug.com\/Region-Lovers\/Equipe\/i-kx84ZJX\/0\/490fe68e\/L\/morgane-L.jpg"},{"@type":"BreadcrumbList","@id":"https:\/\/provencelovers.fr\/es\/morgane-mazelier\/#breadcrumb","itemListElement":[{"@type":"ListItem","position":1,"name":"Home","item":"https:\/\/provencelovers.fr\/es\/"},{"@type":"ListItem","position":2,"name":"Sobre Morgane MAZELIER"}]},{"@type":"WebSite","@id":"https:\/\/provencelovers.fr\/es\/#website","url":"https:\/\/provencelovers.fr\/es\/","name":"Provence Lovers","description":"Despertar los sentidos en Provenza - Le blog de Claire et Manu","publisher":{"@id":"https:\/\/provencelovers.fr\/es\/#organization"},"potentialAction":[{"@type":"SearchAction","target":{"@type":"EntryPoint","urlTemplate":"https:\/\/provencelovers.fr\/es\/?s={search_term_string}"},"query-input":{"@type":"PropertyValueSpecification","valueRequired":true,"valueName":"search_term_string"}}],"inLanguage":"es"},{"@type":"Organization","@id":"https:\/\/provencelovers.fr\/es\/#organization","name":"Provence Lovers","url":"https:\/\/provencelovers.fr\/es\/","logo":{"@type":"ImageObject","inLanguage":"es","@id":"https:\/\/provencelovers.fr\/es\/#\/schema\/logo\/image\/","url":"https:\/\/provencelovers.fr\/wp-content\/uploads\/2022\/11\/Blog-Provence-Lovers-Logos.png","contentUrl":"https:\/\/provencelovers.fr\/wp-content\/uploads\/2022\/11\/Blog-Provence-Lovers-Logos.png","width":2707,"height":863,"caption":"Provence Lovers"},"image":{"@id":"https:\/\/provencelovers.fr\/es\/#\/schema\/logo\/image\/"}}]}},"featured_image_src":null,"featured_image_src_square":null,"_links":{"self":[{"href":"https:\/\/provencelovers.fr\/es\/wp-json\/wp\/v2\/pages\/7864","targetHints":{"allow":["GET"]}}],"collection":[{"href":"https:\/\/provencelovers.fr\/es\/wp-json\/wp\/v2\/pages"}],"about":[{"href":"https:\/\/provencelovers.fr\/es\/wp-json\/wp\/v2\/types\/page"}],"author":[{"embeddable":true,"href":"https:\/\/provencelovers.fr\/es\/wp-json\/wp\/v2\/users\/2"}],"replies":[{"embeddable":true,"href":"https:\/\/provencelovers.fr\/es\/wp-json\/wp\/v2\/comments?post=7864"}],"version-history":[{"count":0,"href":"https:\/\/provencelovers.fr\/es\/wp-json\/wp\/v2\/pages\/7864\/revisions"}],"wp:attachment":[{"href":"https:\/\/provencelovers.fr\/es\/wp-json\/wp\/v2\/media?parent=7864"}],"curies":[{"name":"wp","href":"https:\/\/api.w.org\/{rel}","templated":true}]}}