{"id":7840,"date":"2024-01-11T19:02:12","date_gmt":"2024-01-11T18:02:12","guid":{"rendered":"https:\/\/provencelovers.fr\/claire\/"},"modified":"2024-07-13T08:58:42","modified_gmt":"2024-07-13T06:58:42","slug":"claire-robinson","status":"publish","type":"page","link":"https:\/\/provencelovers.fr\/es\/claire-robinson\/","title":{"rendered":"Sobre Claire ROBINSON"},"content":{"rendered":"\n<p>Conozca a Claire, cofundadora junto a su hermano <a href=\"https:\/\/provencelovers.fr\/es\/emmanuel-robinson\/\" target=\"_blank\" rel=\"noreferrer noopener\">Emmanuel<\/a> de Region Lovers, una empresa feliz que lleva m\u00e1s de 10 a\u00f1os viajando por el mundo para ofrecerle informaci\u00f3n \u00abreal certificada\u00bb, \u00fatil y de gran calidad. Queremos ayudarle a tomar las decisiones que necesita para construir un viaje a su medida.<\/p>\n\n<p>El equipo ha crecido a lo largo de los a\u00f1os, pero Claire, como todos los autores de Region Lovers, se adhiere a un marco y a unos valores, para cumplir nuestro contrato de confianza con nuestros lectores. Afortunadamente, sin embargo, cada art\u00edculo es siempre un reflejo de su autor y de sus pasiones.<\/p>\n\n<figure class=\"wp-block-image size-large\"><img decoding=\"async\" src=\"https:\/\/photos.smugmug.com\/Region-Lovers\/Equipe\/i-nsNF6C6\/0\/25791716\/L\/Claire-L.png\" alt=\"\"\/><\/figure>\n\n<h2 class=\"wp-block-heading\">Su carrera<\/h2>\n\n<ul class=\"wp-block-list\">\n<li>Formaci\u00f3n en ingenier\u00eda.<\/li>\n\n\n\n<li>10 a\u00f1os estructurando la informaci\u00f3n e implantando procesos de calidad en Australia, Alemania y Francia.<\/li>\n\n\n\n<li>M\u00e1s de 10 a\u00f1os de blogs de viajes: ZigZag road trips luego Region Lovers<\/li>\n<\/ul>\n\n<p class=\"has-text-align-left\">Descubra su <a href=\"https:\/\/www.linkedin.com\/in\/claire-robinson-fr\/\" target=\"_blank\" rel=\"noreferrer noopener\">perfil en Linkedin<\/a><\/p>\n\n<h2 class=\"wp-block-heading\">Lo que m\u00e1s le gusta escribir<\/h2>\n\n<ul class=\"wp-block-list\">\n<li>Art\u00edculos sobre lugares fuera de los caminos trillados, las joyas m\u00e1s secretas descubiertas en nuestros viajes.<\/li>\n\n\n\n<li>Los mejores art\u00edculos para compartir sus favoritos.<\/li>\n\n\n\n<li>Los art\u00edculos est\u00e1n llenos de consejos sobre lugares complicados de visitar, para que los lectores saquen el m\u00e1ximo partido a su visita.<\/li>\n<\/ul>\n\n<h2 class=\"wp-block-heading\">Sus 3 art\u00edculos favoritos<\/h2>\n\n<div class=\"wp-block-columns is-layout-flex wp-container-core-columns-is-layout-9d6595d7 wp-block-columns-is-layout-flex\">\n<div class=\"wp-block-column is-layout-flow wp-block-column-is-layout-flow\" style=\"flex-basis:33.33%\">\n<figure class=\"wp-block-image size-large\"><a href=\"https:\/\/loirelovers.fr\/circuits-chateaux-loire-3-jours\/\" target=\"_blank\" rel=\"noreferrer noopener\"><img decoding=\"async\" src=\"https:\/\/provencelovers.fr\/wp-content\/uploads\/2023\/09\/mejores-pueblos-Costa-Azul.jpeg\" alt=\"\"\/><\/a><\/figure>\n<\/div>\n\n\n\n<div class=\"wp-block-column is-vertically-aligned-center is-layout-flow wp-block-column-is-layout-flow\" style=\"flex-basis:66.66%\">\n<h3 class=\"wp-block-heading\">Los 15 pueblos m\u00e1s bonitos de la Costa Azul<\/h3>\n\n\n\n<p style=\"font-size:14px\">7 de noviembre de 2023<\/p>\n\n\n\n<p style=\"font-size:14px;line-height:1.6\"><a href=\"https:\/\/provencelovers.fr\/es\/mejores-pueblos-costa-azul\/\" target=\"_blank\" rel=\"noreferrer noopener\">Leer el art\u00edculo<\/a><\/p>\n<\/div>\n<\/div>\n\n<div class=\"wp-block-columns is-layout-flex wp-container-core-columns-is-layout-9d6595d7 wp-block-columns-is-layout-flex\">\n<div class=\"wp-block-column is-layout-flow wp-block-column-is-layout-flow\" style=\"flex-basis:33.33%\">\n<figure class=\"wp-block-image size-large\"><a href=\"https:\/\/loirelovers.fr\/restaurant-manoir-regate-nantes-avis\/\" target=\"_blank\" rel=\"noreferrer noopener\"><img decoding=\"async\" src=\"https:\/\/provencelovers.fr\/wp-content\/uploads\/2023\/11\/que-ver-pueblo-Eze-visitar.jpeg\" alt=\"\"\/><\/a><\/figure>\n<\/div>\n\n\n\n<div class=\"wp-block-column is-vertically-aligned-center is-layout-flow wp-block-column-is-layout-flow\" style=\"flex-basis:66.66%\">\n<h3 class=\"wp-block-heading\">Visite el pueblo de \u00c8ze<\/h3>\n\n\n\n<p style=\"font-size:14px\">5 de noviembre de 2023<\/p>\n\n\n\n<p style=\"font-size:14px;line-height:1.6\"><a href=\"https:\/\/provencelovers.fr\/es\/que-ver-pueblo-eze-visitar\/\" target=\"_blank\" rel=\"noreferrer noopener\">Leer el art\u00edculo<\/a><\/p>\n<\/div>\n<\/div>\n\n<div class=\"wp-block-columns is-layout-flex wp-container-core-columns-is-layout-9d6595d7 wp-block-columns-is-layout-flex\">\n<div class=\"wp-block-column is-layout-flow wp-block-column-is-layout-flow\" style=\"flex-basis:33.33%\">\n<figure class=\"wp-block-image size-large\"><a href=\"https:\/\/loirelovers.fr\/chateau-brissac\/\" target=\"_blank\" rel=\"noreferrer noopener\"><img decoding=\"async\" src=\"https:\/\/provencelovers.fr\/wp-content\/uploads\/2023\/10\/mejores-ciudades-costa-azul.jpeg\" alt=\"\"\/><\/a><\/figure>\n<\/div>\n\n\n\n<div class=\"wp-block-column is-vertically-aligned-center is-layout-flow wp-block-column-is-layout-flow\" style=\"flex-basis:66.66%\">\n<h3 class=\"wp-block-heading\">Las ciudades m\u00e1s bellas de la Costa Azul<\/h3>\n\n\n\n<p style=\"font-size:14px\">16 de noviembre de 2023<\/p>\n\n\n\n<p style=\"font-size:14px;line-height:1.6\"><a href=\"https:\/\/provencelovers.fr\/es\/mejores-ciudades-costa-azul\/\" target=\"_blank\" rel=\"noreferrer noopener\">Leer el art\u00edculo<\/a><\/p>\n<\/div>\n<\/div>\n","protected":false},"excerpt":{"rendered":"<p>Conozca a Claire, cofundadora junto a su hermano Emmanuel de Region Lovers, una empresa feliz que lleva m\u00e1s de 10 a\u00f1os viajando por el mundo para ofrecerle informaci\u00f3n \u00abreal certificada\u00bb, \u00fatil y de gran calidad. Queremos ayudarle a tomar las decisiones que necesita para construir un viaje a su medida. El equipo ha crecido a [&hellip;]<\/p>\n","protected":false},"author":2,"featured_media":0,"parent":0,"menu_order":0,"comment_status":"closed","ping_status":"closed","template":"","meta":{"_genesis_hide_title":false,"_genesis_hide_breadcrumbs":false,"_genesis_hide_singular_image":false,"_genesis_hide_footer_widgets":false,"_genesis_custom_body_class":"","_genesis_custom_post_class":"","_genesis_layout":"full-width-content","footnotes":""},"class_list":{"0":"post-7840","1":"page","2":"type-page","3":"status-publish","5":"entry"},"yoast_head":"<!-- This site is optimized with the Yoast SEO plugin v27.2 - https:\/\/yoast.com\/product\/yoast-seo-wordpress\/ -->\n<title>Sobre Claire ROBINSON - Provence Lovers<\/title>\n<meta name=\"robots\" content=\"index, follow, max-snippet:-1, max-image-preview:large, max-video-preview:-1\" \/>\n<link rel=\"canonical\" href=\"https:\/\/provencelovers.fr\/es\/claire-robinson\/\" \/>\n<meta property=\"og:locale\" content=\"es_ES\" \/>\n<meta property=\"og:type\" content=\"article\" \/>\n<meta property=\"og:title\" content=\"Sobre Claire ROBINSON - Provence Lovers\" \/>\n<meta property=\"og:description\" content=\"Conozca a Claire, cofundadora junto a su hermano Emmanuel de Region Lovers, una empresa feliz que lleva m\u00e1s de 10 a\u00f1os viajando por el mundo para ofrecerle informaci\u00f3n \u00abreal certificada\u00bb, \u00fatil y de gran calidad. Queremos ayudarle a tomar las decisiones que necesita para construir un viaje a su medida. El equipo ha crecido a [&hellip;]\" \/>\n<meta property=\"og:url\" content=\"https:\/\/provencelovers.fr\/es\/claire-robinson\/\" \/>\n<meta property=\"og:site_name\" content=\"Provence Lovers\" \/>\n<meta property=\"article:modified_time\" content=\"2024-07-13T06:58:42+00:00\" \/>\n<meta property=\"og:image\" content=\"https:\/\/photos.smugmug.com\/Region-Lovers\/Equipe\/i-nsNF6C6\/0\/25791716\/L\/Claire-L.png\" \/>\n<meta name=\"twitter:card\" content=\"summary_large_image\" \/>\n<meta name=\"twitter:label1\" content=\"Tiempo de lectura\" \/>\n\t<meta name=\"twitter:data1\" content=\"1 minuto\" \/>\n<script type=\"application\/ld+json\" class=\"yoast-schema-graph\">{\"@context\":\"https:\/\/schema.org\",\"@graph\":[{\"@type\":\"WebPage\",\"@id\":\"https:\/\/provencelovers.fr\/es\/claire-robinson\/\",\"url\":\"https:\/\/provencelovers.fr\/es\/claire-robinson\/\",\"name\":\"Sobre Claire ROBINSON - Provence Lovers\",\"isPartOf\":{\"@id\":\"https:\/\/provencelovers.fr\/es\/#website\"},\"primaryImageOfPage\":{\"@id\":\"https:\/\/provencelovers.fr\/es\/claire-robinson\/#primaryimage\"},\"image\":{\"@id\":\"https:\/\/provencelovers.fr\/es\/claire-robinson\/#primaryimage\"},\"thumbnailUrl\":\"https:\/\/photos.smugmug.com\/Region-Lovers\/Equipe\/i-nsNF6C6\/0\/25791716\/L\/Claire-L.png\",\"datePublished\":\"2024-01-11T18:02:12+00:00\",\"dateModified\":\"2024-07-13T06:58:42+00:00\",\"breadcrumb\":{\"@id\":\"https:\/\/provencelovers.fr\/es\/claire-robinson\/#breadcrumb\"},\"inLanguage\":\"es\",\"potentialAction\":[{\"@type\":\"ReadAction\",\"target\":[\"https:\/\/provencelovers.fr\/es\/claire-robinson\/\"]}]},{\"@type\":\"ImageObject\",\"inLanguage\":\"es\",\"@id\":\"https:\/\/provencelovers.fr\/es\/claire-robinson\/#primaryimage\",\"url\":\"https:\/\/photos.smugmug.com\/Region-Lovers\/Equipe\/i-nsNF6C6\/0\/25791716\/L\/Claire-L.png\",\"contentUrl\":\"https:\/\/photos.smugmug.com\/Region-Lovers\/Equipe\/i-nsNF6C6\/0\/25791716\/L\/Claire-L.png\"},{\"@type\":\"BreadcrumbList\",\"@id\":\"https:\/\/provencelovers.fr\/es\/claire-robinson\/#breadcrumb\",\"itemListElement\":[{\"@type\":\"ListItem\",\"position\":1,\"name\":\"Home\",\"item\":\"https:\/\/provencelovers.fr\/es\/\"},{\"@type\":\"ListItem\",\"position\":2,\"name\":\"Sobre Claire ROBINSON\"}]},{\"@type\":\"WebSite\",\"@id\":\"https:\/\/provencelovers.fr\/es\/#website\",\"url\":\"https:\/\/provencelovers.fr\/es\/\",\"name\":\"Provence Lovers\",\"description\":\"Despertar los sentidos en Provenza - Le blog de Claire et Manu\",\"publisher\":{\"@id\":\"https:\/\/provencelovers.fr\/es\/#organization\"},\"potentialAction\":[{\"@type\":\"SearchAction\",\"target\":{\"@type\":\"EntryPoint\",\"urlTemplate\":\"https:\/\/provencelovers.fr\/es\/?s={search_term_string}\"},\"query-input\":{\"@type\":\"PropertyValueSpecification\",\"valueRequired\":true,\"valueName\":\"search_term_string\"}}],\"inLanguage\":\"es\"},{\"@type\":\"Organization\",\"@id\":\"https:\/\/provencelovers.fr\/es\/#organization\",\"name\":\"Provence Lovers\",\"url\":\"https:\/\/provencelovers.fr\/es\/\",\"logo\":{\"@type\":\"ImageObject\",\"inLanguage\":\"es\",\"@id\":\"https:\/\/provencelovers.fr\/es\/#\/schema\/logo\/image\/\",\"url\":\"https:\/\/provencelovers.fr\/wp-content\/uploads\/2022\/11\/Blog-Provence-Lovers-Logos.png\",\"contentUrl\":\"https:\/\/provencelovers.fr\/wp-content\/uploads\/2022\/11\/Blog-Provence-Lovers-Logos.png\",\"width\":2707,\"height\":863,\"caption\":\"Provence Lovers\"},\"image\":{\"@id\":\"https:\/\/provencelovers.fr\/es\/#\/schema\/logo\/image\/\"}}]}<\/script>\n<!-- \/ Yoast SEO plugin. -->","yoast_head_json":{"title":"Sobre Claire ROBINSON - Provence Lovers","robots":{"index":"index","follow":"follow","max-snippet":"max-snippet:-1","max-image-preview":"max-image-preview:large","max-video-preview":"max-video-preview:-1"},"canonical":"https:\/\/provencelovers.fr\/es\/claire-robinson\/","og_locale":"es_ES","og_type":"article","og_title":"Sobre Claire ROBINSON - Provence Lovers","og_description":"Conozca a Claire, cofundadora junto a su hermano Emmanuel de Region Lovers, una empresa feliz que lleva m\u00e1s de 10 a\u00f1os viajando por el mundo para ofrecerle informaci\u00f3n \u00abreal certificada\u00bb, \u00fatil y de gran calidad. Queremos ayudarle a tomar las decisiones que necesita para construir un viaje a su medida. El equipo ha crecido a [&hellip;]","og_url":"https:\/\/provencelovers.fr\/es\/claire-robinson\/","og_site_name":"Provence Lovers","article_modified_time":"2024-07-13T06:58:42+00:00","og_image":[{"url":"https:\/\/photos.smugmug.com\/Region-Lovers\/Equipe\/i-nsNF6C6\/0\/25791716\/L\/Claire-L.png","type":"","width":"","height":""}],"twitter_card":"summary_large_image","twitter_misc":{"Tiempo de lectura":"1 minuto"},"schema":{"@context":"https:\/\/schema.org","@graph":[{"@type":"WebPage","@id":"https:\/\/provencelovers.fr\/es\/claire-robinson\/","url":"https:\/\/provencelovers.fr\/es\/claire-robinson\/","name":"Sobre Claire ROBINSON - Provence Lovers","isPartOf":{"@id":"https:\/\/provencelovers.fr\/es\/#website"},"primaryImageOfPage":{"@id":"https:\/\/provencelovers.fr\/es\/claire-robinson\/#primaryimage"},"image":{"@id":"https:\/\/provencelovers.fr\/es\/claire-robinson\/#primaryimage"},"thumbnailUrl":"https:\/\/photos.smugmug.com\/Region-Lovers\/Equipe\/i-nsNF6C6\/0\/25791716\/L\/Claire-L.png","datePublished":"2024-01-11T18:02:12+00:00","dateModified":"2024-07-13T06:58:42+00:00","breadcrumb":{"@id":"https:\/\/provencelovers.fr\/es\/claire-robinson\/#breadcrumb"},"inLanguage":"es","potentialAction":[{"@type":"ReadAction","target":["https:\/\/provencelovers.fr\/es\/claire-robinson\/"]}]},{"@type":"ImageObject","inLanguage":"es","@id":"https:\/\/provencelovers.fr\/es\/claire-robinson\/#primaryimage","url":"https:\/\/photos.smugmug.com\/Region-Lovers\/Equipe\/i-nsNF6C6\/0\/25791716\/L\/Claire-L.png","contentUrl":"https:\/\/photos.smugmug.com\/Region-Lovers\/Equipe\/i-nsNF6C6\/0\/25791716\/L\/Claire-L.png"},{"@type":"BreadcrumbList","@id":"https:\/\/provencelovers.fr\/es\/claire-robinson\/#breadcrumb","itemListElement":[{"@type":"ListItem","position":1,"name":"Home","item":"https:\/\/provencelovers.fr\/es\/"},{"@type":"ListItem","position":2,"name":"Sobre Claire ROBINSON"}]},{"@type":"WebSite","@id":"https:\/\/provencelovers.fr\/es\/#website","url":"https:\/\/provencelovers.fr\/es\/","name":"Provence Lovers","description":"Despertar los sentidos en Provenza - Le blog de Claire et Manu","publisher":{"@id":"https:\/\/provencelovers.fr\/es\/#organization"},"potentialAction":[{"@type":"SearchAction","target":{"@type":"EntryPoint","urlTemplate":"https:\/\/provencelovers.fr\/es\/?s={search_term_string}"},"query-input":{"@type":"PropertyValueSpecification","valueRequired":true,"valueName":"search_term_string"}}],"inLanguage":"es"},{"@type":"Organization","@id":"https:\/\/provencelovers.fr\/es\/#organization","name":"Provence Lovers","url":"https:\/\/provencelovers.fr\/es\/","logo":{"@type":"ImageObject","inLanguage":"es","@id":"https:\/\/provencelovers.fr\/es\/#\/schema\/logo\/image\/","url":"https:\/\/provencelovers.fr\/wp-content\/uploads\/2022\/11\/Blog-Provence-Lovers-Logos.png","contentUrl":"https:\/\/provencelovers.fr\/wp-content\/uploads\/2022\/11\/Blog-Provence-Lovers-Logos.png","width":2707,"height":863,"caption":"Provence Lovers"},"image":{"@id":"https:\/\/provencelovers.fr\/es\/#\/schema\/logo\/image\/"}}]}},"featured_image_src":null,"featured_image_src_square":null,"_links":{"self":[{"href":"https:\/\/provencelovers.fr\/es\/wp-json\/wp\/v2\/pages\/7840","targetHints":{"allow":["GET"]}}],"collection":[{"href":"https:\/\/provencelovers.fr\/es\/wp-json\/wp\/v2\/pages"}],"about":[{"href":"https:\/\/provencelovers.fr\/es\/wp-json\/wp\/v2\/types\/page"}],"author":[{"embeddable":true,"href":"https:\/\/provencelovers.fr\/es\/wp-json\/wp\/v2\/users\/2"}],"replies":[{"embeddable":true,"href":"https:\/\/provencelovers.fr\/es\/wp-json\/wp\/v2\/comments?post=7840"}],"version-history":[{"count":0,"href":"https:\/\/provencelovers.fr\/es\/wp-json\/wp\/v2\/pages\/7840\/revisions"}],"wp:attachment":[{"href":"https:\/\/provencelovers.fr\/es\/wp-json\/wp\/v2\/media?parent=7840"}],"curies":[{"name":"wp","href":"https:\/\/api.w.org\/{rel}","templated":true}]}}