{"id":7862,"date":"2024-01-11T19:05:04","date_gmt":"2024-01-11T18:05:04","guid":{"rendered":"https:\/\/provencelovers.fr\/morgane-mazelier\/"},"modified":"2024-02-18T10:56:44","modified_gmt":"2024-02-18T09:56:44","slug":"morgane-mazelier","status":"publish","type":"page","link":"https:\/\/provencelovers.fr\/de\/morgane-mazelier\/","title":{"rendered":"\u00dcber Morgane MAZELIER"},"content":{"rendered":"\n<p>Wir stellen Ihnen Morgane vor, Mitarbeiterin von Region Lovers, einem fr\u00f6hlichen Unternehmen, das seit mehr als 10 Jahren die Welt bereist, um Ihnen zertifizierte, qualitativ hochwertige und n\u00fctzliche Informationen zu liefern. Wir m\u00f6chten Ihnen helfen, Entscheidungen zu treffen, damit Sie eine Reise zusammenstellen k\u00f6nnen, die zu Ihnen passt.<\/p>\n\n<p>Das Team w\u00e4chst im Laufe der Jahre, aber Morgane, wie alle Autoren von Region Lovers, h\u00e4lt sich an einen Rahmen und an Werte, um unseren Vertrauensvertrag mit unseren Lesern zu erf\u00fcllen. Dennoch und gl\u00fccklicherweise ist jeder Artikel immer auch ein Spiegelbild seines Autors und seiner Leidenschaften.<\/p>\n<div class=\"wp-block-image\">\n<figure class=\"aligncenter size-large\"><img decoding=\"async\" src=\"https:\/\/photos.smugmug.com\/Region-Lovers\/Equipe\/i-kx84ZJX\/0\/490fe68e\/L\/morgane-L.jpg\" alt=\"\"\/><\/figure>\n<\/div>\n<h2 class=\"wp-block-heading\">Ihr Werdegang<\/h2>\n\n<ul class=\"wp-block-list\">\n<li>Ein Master in Marketing und Kommunikation, spezialisiert auf digitale Medien<\/li>\n\n\n\n<li>Zahlreiche bereichernde Berufserfahrungen seit 2015: Institutionen, Mode, Kultur, Tech, Unternehmertum&#8230;<\/li>\n\n\n\n<li>F\u00fchrt als F\u00fchrer einer Food Tour durch die besten Adressen seiner Stadt<\/li>\n<\/ul>\n\n<p class=\"has-text-align-left\">Entdecken Sie Ihr <a href=\"https:\/\/www.linkedin.com\/in\/morgane-mazelier-communication\/\" target=\"_blank\" rel=\"noreferrer noopener\">Linkedin-Profil<\/a><\/p>\n\n<h2 class=\"wp-block-heading\">Was sie besonders gerne schreibt<\/h2>\n\n<ul class=\"wp-block-list\">\n<li>Artikel \u00fcber Road-Trips, um unsere Leser zu ermutigen, mit ihrem Rucksack allein und mit Zuversicht zu reisen.<\/li>\n\n\n\n<li>Artikel \u00fcber exotische und exotische Reiseziele f\u00fcr Leser, die nach Abenteuern suchen.<\/li>\n\n\n\n<li>Artikel \u00fcber Museen, die Interaktion und Unterhaltung bieten.<\/li>\n\n\n\n<li>Naturrouten, da sie gerne wandert und die freie Natur liebt.<\/li>\n<\/ul>\n","protected":false},"excerpt":{"rendered":"<p>Wir stellen Ihnen Morgane vor, Mitarbeiterin von Region Lovers, einem fr\u00f6hlichen Unternehmen, das seit mehr als 10 Jahren die Welt bereist, um Ihnen zertifizierte, qualitativ hochwertige und n\u00fctzliche Informationen zu liefern. Wir m\u00f6chten Ihnen helfen, Entscheidungen zu treffen, damit Sie eine Reise zusammenstellen k\u00f6nnen, die zu Ihnen passt. Das Team w\u00e4chst im Laufe der Jahre, [&hellip;]<\/p>\n","protected":false},"author":2,"featured_media":0,"parent":0,"menu_order":0,"comment_status":"closed","ping_status":"closed","template":"","meta":{"_genesis_hide_title":false,"_genesis_hide_breadcrumbs":false,"_genesis_hide_singular_image":false,"_genesis_hide_footer_widgets":false,"_genesis_custom_body_class":"","_genesis_custom_post_class":"","_genesis_layout":"","footnotes":""},"class_list":{"0":"post-7862","1":"page","2":"type-page","3":"status-publish","5":"entry"},"yoast_head":"<!-- This site is optimized with the Yoast SEO plugin v27.2 - https:\/\/yoast.com\/product\/yoast-seo-wordpress\/ -->\n<title>\u00dcber Morgane MAZELIER - Provence Lovers<\/title>\n<meta name=\"robots\" content=\"index, follow, max-snippet:-1, max-image-preview:large, max-video-preview:-1\" \/>\n<link rel=\"canonical\" href=\"https:\/\/provencelovers.fr\/de\/morgane-mazelier\/\" \/>\n<meta property=\"og:locale\" content=\"de_DE\" \/>\n<meta property=\"og:type\" content=\"article\" \/>\n<meta property=\"og:title\" content=\"\u00dcber Morgane MAZELIER - Provence Lovers\" \/>\n<meta property=\"og:description\" content=\"Wir stellen Ihnen Morgane vor, Mitarbeiterin von Region Lovers, einem fr\u00f6hlichen Unternehmen, das seit mehr als 10 Jahren die Welt bereist, um Ihnen zertifizierte, qualitativ hochwertige und n\u00fctzliche Informationen zu liefern. Wir m\u00f6chten Ihnen helfen, Entscheidungen zu treffen, damit Sie eine Reise zusammenstellen k\u00f6nnen, die zu Ihnen passt. Das Team w\u00e4chst im Laufe der Jahre, [&hellip;]\" \/>\n<meta property=\"og:url\" content=\"https:\/\/provencelovers.fr\/de\/morgane-mazelier\/\" \/>\n<meta property=\"og:site_name\" content=\"Provence Lovers\" \/>\n<meta property=\"article:modified_time\" content=\"2024-02-18T09:56:44+00:00\" \/>\n<meta property=\"og:image\" content=\"https:\/\/photos.smugmug.com\/Region-Lovers\/Equipe\/i-kx84ZJX\/0\/490fe68e\/L\/morgane-L.jpg\" \/>\n<meta name=\"twitter:card\" content=\"summary_large_image\" \/>\n<meta name=\"twitter:label1\" content=\"Gesch\u00e4tzte Lesezeit\" \/>\n\t<meta name=\"twitter:data1\" content=\"1 Minute\" \/>\n<script type=\"application\/ld+json\" class=\"yoast-schema-graph\">{\"@context\":\"https:\/\/schema.org\",\"@graph\":[{\"@type\":\"WebPage\",\"@id\":\"https:\/\/provencelovers.fr\/de\/morgane-mazelier\/\",\"url\":\"https:\/\/provencelovers.fr\/de\/morgane-mazelier\/\",\"name\":\"\u00dcber Morgane MAZELIER - Provence Lovers\",\"isPartOf\":{\"@id\":\"https:\/\/provencelovers.fr\/de\/#website\"},\"primaryImageOfPage\":{\"@id\":\"https:\/\/provencelovers.fr\/de\/morgane-mazelier\/#primaryimage\"},\"image\":{\"@id\":\"https:\/\/provencelovers.fr\/de\/morgane-mazelier\/#primaryimage\"},\"thumbnailUrl\":\"https:\/\/photos.smugmug.com\/Region-Lovers\/Equipe\/i-kx84ZJX\/0\/490fe68e\/L\/morgane-L.jpg\",\"datePublished\":\"2024-01-11T18:05:04+00:00\",\"dateModified\":\"2024-02-18T09:56:44+00:00\",\"breadcrumb\":{\"@id\":\"https:\/\/provencelovers.fr\/de\/morgane-mazelier\/#breadcrumb\"},\"inLanguage\":\"de-DE\",\"potentialAction\":[{\"@type\":\"ReadAction\",\"target\":[\"https:\/\/provencelovers.fr\/de\/morgane-mazelier\/\"]}]},{\"@type\":\"ImageObject\",\"inLanguage\":\"de-DE\",\"@id\":\"https:\/\/provencelovers.fr\/de\/morgane-mazelier\/#primaryimage\",\"url\":\"https:\/\/photos.smugmug.com\/Region-Lovers\/Equipe\/i-kx84ZJX\/0\/490fe68e\/L\/morgane-L.jpg\",\"contentUrl\":\"https:\/\/photos.smugmug.com\/Region-Lovers\/Equipe\/i-kx84ZJX\/0\/490fe68e\/L\/morgane-L.jpg\"},{\"@type\":\"BreadcrumbList\",\"@id\":\"https:\/\/provencelovers.fr\/de\/morgane-mazelier\/#breadcrumb\",\"itemListElement\":[{\"@type\":\"ListItem\",\"position\":1,\"name\":\"Home\",\"item\":\"https:\/\/provencelovers.fr\/de\/\"},{\"@type\":\"ListItem\",\"position\":2,\"name\":\"\u00dcber Morgane MAZELIER\"}]},{\"@type\":\"WebSite\",\"@id\":\"https:\/\/provencelovers.fr\/de\/#website\",\"url\":\"https:\/\/provencelovers.fr\/de\/\",\"name\":\"Provence Lovers\",\"description\":\"Um Ihre Sinne in der Provence zu wecken - Le blog de Claire et Manu\",\"publisher\":{\"@id\":\"https:\/\/provencelovers.fr\/de\/#organization\"},\"potentialAction\":[{\"@type\":\"SearchAction\",\"target\":{\"@type\":\"EntryPoint\",\"urlTemplate\":\"https:\/\/provencelovers.fr\/de\/?s={search_term_string}\"},\"query-input\":{\"@type\":\"PropertyValueSpecification\",\"valueRequired\":true,\"valueName\":\"search_term_string\"}}],\"inLanguage\":\"de-DE\"},{\"@type\":\"Organization\",\"@id\":\"https:\/\/provencelovers.fr\/de\/#organization\",\"name\":\"Provence Lovers\",\"url\":\"https:\/\/provencelovers.fr\/de\/\",\"logo\":{\"@type\":\"ImageObject\",\"inLanguage\":\"de-DE\",\"@id\":\"https:\/\/provencelovers.fr\/de\/#\/schema\/logo\/image\/\",\"url\":\"https:\/\/provencelovers.fr\/wp-content\/uploads\/2022\/11\/Blog-Provence-Lovers-Logos.png\",\"contentUrl\":\"https:\/\/provencelovers.fr\/wp-content\/uploads\/2022\/11\/Blog-Provence-Lovers-Logos.png\",\"width\":2707,\"height\":863,\"caption\":\"Provence Lovers\"},\"image\":{\"@id\":\"https:\/\/provencelovers.fr\/de\/#\/schema\/logo\/image\/\"}}]}<\/script>\n<!-- \/ Yoast SEO plugin. -->","yoast_head_json":{"title":"\u00dcber Morgane MAZELIER - Provence Lovers","robots":{"index":"index","follow":"follow","max-snippet":"max-snippet:-1","max-image-preview":"max-image-preview:large","max-video-preview":"max-video-preview:-1"},"canonical":"https:\/\/provencelovers.fr\/de\/morgane-mazelier\/","og_locale":"de_DE","og_type":"article","og_title":"\u00dcber Morgane MAZELIER - Provence Lovers","og_description":"Wir stellen Ihnen Morgane vor, Mitarbeiterin von Region Lovers, einem fr\u00f6hlichen Unternehmen, das seit mehr als 10 Jahren die Welt bereist, um Ihnen zertifizierte, qualitativ hochwertige und n\u00fctzliche Informationen zu liefern. Wir m\u00f6chten Ihnen helfen, Entscheidungen zu treffen, damit Sie eine Reise zusammenstellen k\u00f6nnen, die zu Ihnen passt. Das Team w\u00e4chst im Laufe der Jahre, [&hellip;]","og_url":"https:\/\/provencelovers.fr\/de\/morgane-mazelier\/","og_site_name":"Provence Lovers","article_modified_time":"2024-02-18T09:56:44+00:00","og_image":[{"url":"https:\/\/photos.smugmug.com\/Region-Lovers\/Equipe\/i-kx84ZJX\/0\/490fe68e\/L\/morgane-L.jpg","type":"","width":"","height":""}],"twitter_card":"summary_large_image","twitter_misc":{"Gesch\u00e4tzte Lesezeit":"1 Minute"},"schema":{"@context":"https:\/\/schema.org","@graph":[{"@type":"WebPage","@id":"https:\/\/provencelovers.fr\/de\/morgane-mazelier\/","url":"https:\/\/provencelovers.fr\/de\/morgane-mazelier\/","name":"\u00dcber Morgane MAZELIER - Provence Lovers","isPartOf":{"@id":"https:\/\/provencelovers.fr\/de\/#website"},"primaryImageOfPage":{"@id":"https:\/\/provencelovers.fr\/de\/morgane-mazelier\/#primaryimage"},"image":{"@id":"https:\/\/provencelovers.fr\/de\/morgane-mazelier\/#primaryimage"},"thumbnailUrl":"https:\/\/photos.smugmug.com\/Region-Lovers\/Equipe\/i-kx84ZJX\/0\/490fe68e\/L\/morgane-L.jpg","datePublished":"2024-01-11T18:05:04+00:00","dateModified":"2024-02-18T09:56:44+00:00","breadcrumb":{"@id":"https:\/\/provencelovers.fr\/de\/morgane-mazelier\/#breadcrumb"},"inLanguage":"de-DE","potentialAction":[{"@type":"ReadAction","target":["https:\/\/provencelovers.fr\/de\/morgane-mazelier\/"]}]},{"@type":"ImageObject","inLanguage":"de-DE","@id":"https:\/\/provencelovers.fr\/de\/morgane-mazelier\/#primaryimage","url":"https:\/\/photos.smugmug.com\/Region-Lovers\/Equipe\/i-kx84ZJX\/0\/490fe68e\/L\/morgane-L.jpg","contentUrl":"https:\/\/photos.smugmug.com\/Region-Lovers\/Equipe\/i-kx84ZJX\/0\/490fe68e\/L\/morgane-L.jpg"},{"@type":"BreadcrumbList","@id":"https:\/\/provencelovers.fr\/de\/morgane-mazelier\/#breadcrumb","itemListElement":[{"@type":"ListItem","position":1,"name":"Home","item":"https:\/\/provencelovers.fr\/de\/"},{"@type":"ListItem","position":2,"name":"\u00dcber Morgane MAZELIER"}]},{"@type":"WebSite","@id":"https:\/\/provencelovers.fr\/de\/#website","url":"https:\/\/provencelovers.fr\/de\/","name":"Provence Lovers","description":"Um Ihre Sinne in der Provence zu wecken - Le blog de Claire et Manu","publisher":{"@id":"https:\/\/provencelovers.fr\/de\/#organization"},"potentialAction":[{"@type":"SearchAction","target":{"@type":"EntryPoint","urlTemplate":"https:\/\/provencelovers.fr\/de\/?s={search_term_string}"},"query-input":{"@type":"PropertyValueSpecification","valueRequired":true,"valueName":"search_term_string"}}],"inLanguage":"de-DE"},{"@type":"Organization","@id":"https:\/\/provencelovers.fr\/de\/#organization","name":"Provence Lovers","url":"https:\/\/provencelovers.fr\/de\/","logo":{"@type":"ImageObject","inLanguage":"de-DE","@id":"https:\/\/provencelovers.fr\/de\/#\/schema\/logo\/image\/","url":"https:\/\/provencelovers.fr\/wp-content\/uploads\/2022\/11\/Blog-Provence-Lovers-Logos.png","contentUrl":"https:\/\/provencelovers.fr\/wp-content\/uploads\/2022\/11\/Blog-Provence-Lovers-Logos.png","width":2707,"height":863,"caption":"Provence Lovers"},"image":{"@id":"https:\/\/provencelovers.fr\/de\/#\/schema\/logo\/image\/"}}]}},"featured_image_src":null,"featured_image_src_square":null,"_links":{"self":[{"href":"https:\/\/provencelovers.fr\/de\/wp-json\/wp\/v2\/pages\/7862","targetHints":{"allow":["GET"]}}],"collection":[{"href":"https:\/\/provencelovers.fr\/de\/wp-json\/wp\/v2\/pages"}],"about":[{"href":"https:\/\/provencelovers.fr\/de\/wp-json\/wp\/v2\/types\/page"}],"author":[{"embeddable":true,"href":"https:\/\/provencelovers.fr\/de\/wp-json\/wp\/v2\/users\/2"}],"replies":[{"embeddable":true,"href":"https:\/\/provencelovers.fr\/de\/wp-json\/wp\/v2\/comments?post=7862"}],"version-history":[{"count":0,"href":"https:\/\/provencelovers.fr\/de\/wp-json\/wp\/v2\/pages\/7862\/revisions"}],"wp:attachment":[{"href":"https:\/\/provencelovers.fr\/de\/wp-json\/wp\/v2\/media?parent=7862"}],"curies":[{"name":"wp","href":"https:\/\/api.w.org\/{rel}","templated":true}]}}