{"id":7832,"date":"2024-01-11T19:01:38","date_gmt":"2024-01-11T18:01:38","guid":{"rendered":"https:\/\/provencelovers.fr\/myriam-bendriss-mudibu\/"},"modified":"2024-02-18T18:11:46","modified_gmt":"2024-02-18T17:11:46","slug":"myriam-bendriss-mudibu","status":"publish","type":"page","link":"https:\/\/provencelovers.fr\/de\/myriam-bendriss-mudibu\/","title":{"rendered":"\u00dcber Myriam BENDRISS MUDIBU"},"content":{"rendered":"\n<p>Myriam ist Mitarbeiterin von Region Lovers, einem fr\u00f6hlichen Unternehmen, das seit mehr als 10 Jahren die Welt bereist, um Ihnen zertifizierte, qualitativ hochwertige und n\u00fctzliche Informationen zu liefern. Wir m\u00f6chten Ihnen helfen, Entscheidungen zu treffen, damit Sie eine Reise zusammenstellen k\u00f6nnen, die zu Ihnen passt.<\/p>\n\n<p>Das Team ist im Laufe der Jahre gewachsen, aber Myriam h\u00e4lt sich wie alle Autoren von Region Lovers an einen Rahmen und an Werte, um unseren Vertrauensvertrag mit unseren Lesern zu erf\u00fcllen. Dennoch und gl\u00fccklicherweise ist jeder Artikel immer auch ein Spiegelbild seines Autors und seiner Leidenschaften.<\/p>\n<div class=\"wp-block-image\">\n<figure class=\"aligncenter size-large\"><img decoding=\"async\" src=\"https:\/\/photos.smugmug.com\/Region-Lovers\/Equipe\/i-2VkpKdc\/0\/DqDG7GbR6CxhqJq4M7VBQnSmkShv4QM9sWgTxgDm4\/L\/myriam-2-L.jpg\" alt=\"\"\/><\/figure>\n<\/div>\n<h2 class=\"wp-block-heading\">Ihr Werdegang<\/h2>\n\n<ul class=\"wp-block-list\">\n<li>5 Jahre lang zwischen Werbeagenturen und Agenturen f\u00fcr Unternehmenskommunikation gependelt<\/li>\n\n\n\n<li>Mehr als 3 Jahre im Dienst der Kinder in einer als gemeinn\u00fctzig anerkannten Stiftung.<\/li>\n\n\n\n<li>Mehr als 3 Jahre bei einem gro\u00dfen Krankenversicherungsunternehmen.<\/li>\n\n\n\n<li>Seit 2023 auf das Schiff Region Lovers aufgesprungen und will nicht mehr von Bord gehen.<\/li>\n<\/ul>\n\n<p class=\"has-text-align-left\">Entdecken Sie Ihr <a href=\"https:\/\/www.linkedin.com\/in\/myriam-mudibu-bendriss-083b4740\/\" target=\"_blank\" rel=\"noreferrer noopener\">Linkedin-Profil<\/a><\/p>\n\n<h2 class=\"wp-block-heading\">Was sie besonders gerne schreibt<\/h2>\n\n<ul class=\"wp-block-list\">\n<li>Artikel \u00fcber G\u00e4rten und Parks, weil sie im Grunde eine Romantikerin ist, die Orte mit Poesie liebt.<\/li>\n\n\n\n<li>Orte, die die Zeiten \u00fcberdauern und die Epochen konfrontieren, wie bestimmte Museen oder Denkm\u00e4ler&#8230;<\/li>\n\n\n\n<li>Artikel \u00fcber Restaurants, um einzigartige kulinarische Erfahrungen mit unseren Lesern zu teilen: Sie ist davon \u00fcberzeugt, dass gutes Essen zu einer Reise geh\u00f6rt!<\/li>\n<\/ul>\n\n<h2 class=\"wp-block-heading\">Die 3 Artikel, die sie am liebsten schrieb<\/h2>\n\n<div class=\"wp-block-columns is-layout-flex wp-container-core-columns-is-layout-9d6595d7 wp-block-columns-is-layout-flex\">\n<div class=\"wp-block-column is-layout-flow wp-block-column-is-layout-flow\" style=\"flex-basis:33.33%\">\n<figure class=\"wp-block-image size-large\"><a href=\"https:\/\/loirelovers.fr\/circuits-chateaux-loire-3-jours\/\" target=\"_blank\" rel=\"noreferrer noopener\"><img decoding=\"async\" src=\"https:\/\/provencelovers.fr\/wp-content\/uploads\/2023\/05\/jan-restaurant-nizza-bewertung.jpeg\" alt=\"\"\/><\/a><\/figure>\n<\/div>\n\n\n\n<div class=\"wp-block-column is-vertically-aligned-center is-layout-flow wp-block-column-is-layout-flow\" style=\"flex-basis:66.66%\">\n<h3 class=\"wp-block-heading\">Erinnerungen an das Restaurant JAN (Nizza)<\/h3>\n\n\n\n<p style=\"font-size:14px\">10. Juni 2023<\/p>\n\n\n\n<p style=\"font-size:14px;line-height:1.6\"><a href=\"https:\/\/provencelovers.fr\/de\/restaurant-jan-nizza-bewertung\/\" target=\"_blank\" rel=\"noreferrer noopener\">Lesen Sie den Artikel<\/a><\/p>\n<\/div>\n<\/div>\n\n<div class=\"wp-block-columns is-layout-flex wp-container-core-columns-is-layout-9d6595d7 wp-block-columns-is-layout-flex\">\n<div class=\"wp-block-column is-layout-flow wp-block-column-is-layout-flow\" style=\"flex-basis:33.33%\">\n<figure class=\"wp-block-image size-large\"><a href=\"https:\/\/loirelovers.fr\/restaurant-manoir-regate-nantes-avis\/\" target=\"_blank\" rel=\"noreferrer noopener\"><img decoding=\"async\" src=\"https:\/\/provencelovers.fr\/wp-content\/uploads\/2023\/05\/beste-restaurant-nizza-wo-essen-bewertung.jpeg\" alt=\"\"\/><\/a><\/figure>\n<\/div>\n\n\n\n<div class=\"wp-block-column is-vertically-aligned-center is-layout-flow wp-block-column-is-layout-flow\" style=\"flex-basis:66.66%\">\n<h3 class=\"wp-block-heading\">20 beste Restaurants in Nizza<\/h3>\n\n\n\n<p style=\"font-size:14px\">8. Januar 2024<\/p>\n\n\n\n<p style=\"font-size:14px;line-height:1.6\"><a href=\"https:\/\/provencelovers.fr\/de\/beste-restaurants-nice-wo-essen\/\" target=\"_blank\" rel=\"noreferrer noopener\">Lesen Sie den Artikel<\/a><\/p>\n<\/div>\n<\/div>\n\n<div class=\"wp-block-columns is-layout-flex wp-container-core-columns-is-layout-9d6595d7 wp-block-columns-is-layout-flex\">\n<div class=\"wp-block-column is-layout-flow wp-block-column-is-layout-flow\" style=\"flex-basis:33.33%\">\n<figure class=\"wp-block-image size-large\"><a href=\"https:\/\/loirelovers.fr\/chateau-brissac\/\" target=\"_blank\" rel=\"noreferrer noopener\"><img decoding=\"async\" src=\"https:\/\/provencelovers.fr\/wp-content\/uploads\/2023\/05\/Unterkunfte-Nizza-beste-hotels-berwertungen.jpeg\" alt=\"\"\/><\/a><\/figure>\n<\/div>\n\n\n\n<div class=\"wp-block-column is-vertically-aligned-center is-layout-flow wp-block-column-is-layout-flow\" style=\"flex-basis:66.66%\">\n<h3 class=\"wp-block-heading\">15 beste Hotels in Nizza<\/h3>\n\n\n\n<p style=\"font-size:14px\">8. Januar 2024<\/p>\n\n\n\n<p style=\"font-size:14px;line-height:1.6\"><a href=\"https:\/\/provencelovers.fr\/de\/unterkunft-nice-beste-hotels\/\" target=\"_blank\" rel=\"noreferrer noopener\">Lesen Sie den Artikel<\/a><\/p>\n<\/div>\n<\/div>\n","protected":false},"excerpt":{"rendered":"<p>Myriam ist Mitarbeiterin von Region Lovers, einem fr\u00f6hlichen Unternehmen, das seit mehr als 10 Jahren die Welt bereist, um Ihnen zertifizierte, qualitativ hochwertige und n\u00fctzliche Informationen zu liefern. Wir m\u00f6chten Ihnen helfen, Entscheidungen zu treffen, damit Sie eine Reise zusammenstellen k\u00f6nnen, die zu Ihnen passt. Das Team ist im Laufe der Jahre gewachsen, aber Myriam [&hellip;]<\/p>\n","protected":false},"author":2,"featured_media":0,"parent":0,"menu_order":0,"comment_status":"closed","ping_status":"closed","template":"","meta":{"_genesis_hide_title":false,"_genesis_hide_breadcrumbs":false,"_genesis_hide_singular_image":false,"_genesis_hide_footer_widgets":false,"_genesis_custom_body_class":"","_genesis_custom_post_class":"","_genesis_layout":"","footnotes":""},"class_list":{"0":"post-7832","1":"page","2":"type-page","3":"status-publish","5":"entry"},"yoast_head":"<!-- This site is optimized with the Yoast SEO plugin v27.5 - https:\/\/yoast.com\/product\/yoast-seo-wordpress\/ -->\n<title>\u00dcber Myriam BENDRISS MUDIBU - Provence Lovers<\/title>\n<meta name=\"robots\" content=\"index, follow, max-snippet:-1, max-image-preview:large, max-video-preview:-1\" \/>\n<link rel=\"canonical\" href=\"https:\/\/provencelovers.fr\/de\/myriam-bendriss-mudibu\/\" \/>\n<meta property=\"og:locale\" content=\"de_DE\" \/>\n<meta property=\"og:type\" content=\"article\" \/>\n<meta property=\"og:title\" content=\"\u00dcber Myriam BENDRISS MUDIBU - Provence Lovers\" \/>\n<meta property=\"og:description\" content=\"Myriam ist Mitarbeiterin von Region Lovers, einem fr\u00f6hlichen Unternehmen, das seit mehr als 10 Jahren die Welt bereist, um Ihnen zertifizierte, qualitativ hochwertige und n\u00fctzliche Informationen zu liefern. Wir m\u00f6chten Ihnen helfen, Entscheidungen zu treffen, damit Sie eine Reise zusammenstellen k\u00f6nnen, die zu Ihnen passt. Das Team ist im Laufe der Jahre gewachsen, aber Myriam [&hellip;]\" \/>\n<meta property=\"og:url\" content=\"https:\/\/provencelovers.fr\/de\/myriam-bendriss-mudibu\/\" \/>\n<meta property=\"og:site_name\" content=\"Provence Lovers\" \/>\n<meta property=\"article:modified_time\" content=\"2024-02-18T17:11:46+00:00\" \/>\n<meta property=\"og:image\" content=\"https:\/\/photos.smugmug.com\/Region-Lovers\/Equipe\/i-2VkpKdc\/0\/DqDG7GbR6CxhqJq4M7VBQnSmkShv4QM9sWgTxgDm4\/L\/myriam-2-L.jpg\" \/>\n<meta name=\"twitter:card\" content=\"summary_large_image\" \/>\n<meta name=\"twitter:label1\" content=\"Gesch\u00e4tzte Lesezeit\" \/>\n\t<meta name=\"twitter:data1\" content=\"1 Minute\" \/>\n<script type=\"application\/ld+json\" class=\"yoast-schema-graph\">{\"@context\":\"https:\\\/\\\/schema.org\",\"@graph\":[{\"@type\":\"WebPage\",\"@id\":\"https:\\\/\\\/provencelovers.fr\\\/de\\\/myriam-bendriss-mudibu\\\/\",\"url\":\"https:\\\/\\\/provencelovers.fr\\\/de\\\/myriam-bendriss-mudibu\\\/\",\"name\":\"\u00dcber Myriam BENDRISS MUDIBU - Provence Lovers\",\"isPartOf\":{\"@id\":\"https:\\\/\\\/provencelovers.fr\\\/de\\\/#website\"},\"primaryImageOfPage\":{\"@id\":\"https:\\\/\\\/provencelovers.fr\\\/de\\\/myriam-bendriss-mudibu\\\/#primaryimage\"},\"image\":{\"@id\":\"https:\\\/\\\/provencelovers.fr\\\/de\\\/myriam-bendriss-mudibu\\\/#primaryimage\"},\"thumbnailUrl\":\"https:\\\/\\\/photos.smugmug.com\\\/Region-Lovers\\\/Equipe\\\/i-2VkpKdc\\\/0\\\/DqDG7GbR6CxhqJq4M7VBQnSmkShv4QM9sWgTxgDm4\\\/L\\\/myriam-2-L.jpg\",\"datePublished\":\"2024-01-11T18:01:38+00:00\",\"dateModified\":\"2024-02-18T17:11:46+00:00\",\"breadcrumb\":{\"@id\":\"https:\\\/\\\/provencelovers.fr\\\/de\\\/myriam-bendriss-mudibu\\\/#breadcrumb\"},\"inLanguage\":\"de-DE\",\"potentialAction\":[{\"@type\":\"ReadAction\",\"target\":[\"https:\\\/\\\/provencelovers.fr\\\/de\\\/myriam-bendriss-mudibu\\\/\"]}]},{\"@type\":\"ImageObject\",\"inLanguage\":\"de-DE\",\"@id\":\"https:\\\/\\\/provencelovers.fr\\\/de\\\/myriam-bendriss-mudibu\\\/#primaryimage\",\"url\":\"https:\\\/\\\/photos.smugmug.com\\\/Region-Lovers\\\/Equipe\\\/i-2VkpKdc\\\/0\\\/DqDG7GbR6CxhqJq4M7VBQnSmkShv4QM9sWgTxgDm4\\\/L\\\/myriam-2-L.jpg\",\"contentUrl\":\"https:\\\/\\\/photos.smugmug.com\\\/Region-Lovers\\\/Equipe\\\/i-2VkpKdc\\\/0\\\/DqDG7GbR6CxhqJq4M7VBQnSmkShv4QM9sWgTxgDm4\\\/L\\\/myriam-2-L.jpg\"},{\"@type\":\"BreadcrumbList\",\"@id\":\"https:\\\/\\\/provencelovers.fr\\\/de\\\/myriam-bendriss-mudibu\\\/#breadcrumb\",\"itemListElement\":[{\"@type\":\"ListItem\",\"position\":1,\"name\":\"Home\",\"item\":\"https:\\\/\\\/provencelovers.fr\\\/de\\\/\"},{\"@type\":\"ListItem\",\"position\":2,\"name\":\"\u00dcber Myriam BENDRISS MUDIBU\"}]},{\"@type\":\"WebSite\",\"@id\":\"https:\\\/\\\/provencelovers.fr\\\/de\\\/#website\",\"url\":\"https:\\\/\\\/provencelovers.fr\\\/de\\\/\",\"name\":\"Provence Lovers\",\"description\":\"Um Ihre Sinne in der Provence zu wecken - Le blog de Claire et Manu\",\"publisher\":{\"@id\":\"https:\\\/\\\/provencelovers.fr\\\/de\\\/#organization\"},\"potentialAction\":[{\"@type\":\"SearchAction\",\"target\":{\"@type\":\"EntryPoint\",\"urlTemplate\":\"https:\\\/\\\/provencelovers.fr\\\/de\\\/?s={search_term_string}\"},\"query-input\":{\"@type\":\"PropertyValueSpecification\",\"valueRequired\":true,\"valueName\":\"search_term_string\"}}],\"inLanguage\":\"de-DE\"},{\"@type\":\"Organization\",\"@id\":\"https:\\\/\\\/provencelovers.fr\\\/de\\\/#organization\",\"name\":\"Provence Lovers\",\"url\":\"https:\\\/\\\/provencelovers.fr\\\/de\\\/\",\"logo\":{\"@type\":\"ImageObject\",\"inLanguage\":\"de-DE\",\"@id\":\"https:\\\/\\\/provencelovers.fr\\\/de\\\/#\\\/schema\\\/logo\\\/image\\\/\",\"url\":\"https:\\\/\\\/provencelovers.fr\\\/wp-content\\\/uploads\\\/2022\\\/11\\\/Blog-Provence-Lovers-Logos.png\",\"contentUrl\":\"https:\\\/\\\/provencelovers.fr\\\/wp-content\\\/uploads\\\/2022\\\/11\\\/Blog-Provence-Lovers-Logos.png\",\"width\":2707,\"height\":863,\"caption\":\"Provence Lovers\"},\"image\":{\"@id\":\"https:\\\/\\\/provencelovers.fr\\\/de\\\/#\\\/schema\\\/logo\\\/image\\\/\"}}]}<\/script>\n<!-- \/ Yoast SEO plugin. -->","yoast_head_json":{"title":"\u00dcber Myriam BENDRISS MUDIBU - Provence Lovers","robots":{"index":"index","follow":"follow","max-snippet":"max-snippet:-1","max-image-preview":"max-image-preview:large","max-video-preview":"max-video-preview:-1"},"canonical":"https:\/\/provencelovers.fr\/de\/myriam-bendriss-mudibu\/","og_locale":"de_DE","og_type":"article","og_title":"\u00dcber Myriam BENDRISS MUDIBU - Provence Lovers","og_description":"Myriam ist Mitarbeiterin von Region Lovers, einem fr\u00f6hlichen Unternehmen, das seit mehr als 10 Jahren die Welt bereist, um Ihnen zertifizierte, qualitativ hochwertige und n\u00fctzliche Informationen zu liefern. Wir m\u00f6chten Ihnen helfen, Entscheidungen zu treffen, damit Sie eine Reise zusammenstellen k\u00f6nnen, die zu Ihnen passt. Das Team ist im Laufe der Jahre gewachsen, aber Myriam [&hellip;]","og_url":"https:\/\/provencelovers.fr\/de\/myriam-bendriss-mudibu\/","og_site_name":"Provence Lovers","article_modified_time":"2024-02-18T17:11:46+00:00","og_image":[{"url":"https:\/\/photos.smugmug.com\/Region-Lovers\/Equipe\/i-2VkpKdc\/0\/DqDG7GbR6CxhqJq4M7VBQnSmkShv4QM9sWgTxgDm4\/L\/myriam-2-L.jpg","type":"","width":"","height":""}],"twitter_card":"summary_large_image","twitter_misc":{"Gesch\u00e4tzte Lesezeit":"1 Minute"},"schema":{"@context":"https:\/\/schema.org","@graph":[{"@type":"WebPage","@id":"https:\/\/provencelovers.fr\/de\/myriam-bendriss-mudibu\/","url":"https:\/\/provencelovers.fr\/de\/myriam-bendriss-mudibu\/","name":"\u00dcber Myriam BENDRISS MUDIBU - Provence Lovers","isPartOf":{"@id":"https:\/\/provencelovers.fr\/de\/#website"},"primaryImageOfPage":{"@id":"https:\/\/provencelovers.fr\/de\/myriam-bendriss-mudibu\/#primaryimage"},"image":{"@id":"https:\/\/provencelovers.fr\/de\/myriam-bendriss-mudibu\/#primaryimage"},"thumbnailUrl":"https:\/\/photos.smugmug.com\/Region-Lovers\/Equipe\/i-2VkpKdc\/0\/DqDG7GbR6CxhqJq4M7VBQnSmkShv4QM9sWgTxgDm4\/L\/myriam-2-L.jpg","datePublished":"2024-01-11T18:01:38+00:00","dateModified":"2024-02-18T17:11:46+00:00","breadcrumb":{"@id":"https:\/\/provencelovers.fr\/de\/myriam-bendriss-mudibu\/#breadcrumb"},"inLanguage":"de-DE","potentialAction":[{"@type":"ReadAction","target":["https:\/\/provencelovers.fr\/de\/myriam-bendriss-mudibu\/"]}]},{"@type":"ImageObject","inLanguage":"de-DE","@id":"https:\/\/provencelovers.fr\/de\/myriam-bendriss-mudibu\/#primaryimage","url":"https:\/\/photos.smugmug.com\/Region-Lovers\/Equipe\/i-2VkpKdc\/0\/DqDG7GbR6CxhqJq4M7VBQnSmkShv4QM9sWgTxgDm4\/L\/myriam-2-L.jpg","contentUrl":"https:\/\/photos.smugmug.com\/Region-Lovers\/Equipe\/i-2VkpKdc\/0\/DqDG7GbR6CxhqJq4M7VBQnSmkShv4QM9sWgTxgDm4\/L\/myriam-2-L.jpg"},{"@type":"BreadcrumbList","@id":"https:\/\/provencelovers.fr\/de\/myriam-bendriss-mudibu\/#breadcrumb","itemListElement":[{"@type":"ListItem","position":1,"name":"Home","item":"https:\/\/provencelovers.fr\/de\/"},{"@type":"ListItem","position":2,"name":"\u00dcber Myriam BENDRISS MUDIBU"}]},{"@type":"WebSite","@id":"https:\/\/provencelovers.fr\/de\/#website","url":"https:\/\/provencelovers.fr\/de\/","name":"Provence Lovers","description":"Um Ihre Sinne in der Provence zu wecken - Le blog de Claire et Manu","publisher":{"@id":"https:\/\/provencelovers.fr\/de\/#organization"},"potentialAction":[{"@type":"SearchAction","target":{"@type":"EntryPoint","urlTemplate":"https:\/\/provencelovers.fr\/de\/?s={search_term_string}"},"query-input":{"@type":"PropertyValueSpecification","valueRequired":true,"valueName":"search_term_string"}}],"inLanguage":"de-DE"},{"@type":"Organization","@id":"https:\/\/provencelovers.fr\/de\/#organization","name":"Provence Lovers","url":"https:\/\/provencelovers.fr\/de\/","logo":{"@type":"ImageObject","inLanguage":"de-DE","@id":"https:\/\/provencelovers.fr\/de\/#\/schema\/logo\/image\/","url":"https:\/\/provencelovers.fr\/wp-content\/uploads\/2022\/11\/Blog-Provence-Lovers-Logos.png","contentUrl":"https:\/\/provencelovers.fr\/wp-content\/uploads\/2022\/11\/Blog-Provence-Lovers-Logos.png","width":2707,"height":863,"caption":"Provence Lovers"},"image":{"@id":"https:\/\/provencelovers.fr\/de\/#\/schema\/logo\/image\/"}}]}},"featured_image_src":null,"featured_image_src_square":null,"_links":{"self":[{"href":"https:\/\/provencelovers.fr\/de\/wp-json\/wp\/v2\/pages\/7832","targetHints":{"allow":["GET"]}}],"collection":[{"href":"https:\/\/provencelovers.fr\/de\/wp-json\/wp\/v2\/pages"}],"about":[{"href":"https:\/\/provencelovers.fr\/de\/wp-json\/wp\/v2\/types\/page"}],"author":[{"embeddable":true,"href":"https:\/\/provencelovers.fr\/de\/wp-json\/wp\/v2\/users\/2"}],"replies":[{"embeddable":true,"href":"https:\/\/provencelovers.fr\/de\/wp-json\/wp\/v2\/comments?post=7832"}],"version-history":[{"count":0,"href":"https:\/\/provencelovers.fr\/de\/wp-json\/wp\/v2\/pages\/7832\/revisions"}],"wp:attachment":[{"href":"https:\/\/provencelovers.fr\/de\/wp-json\/wp\/v2\/media?parent=7832"}],"curies":[{"name":"wp","href":"https:\/\/api.w.org\/{rel}","templated":true}]}}